{"id":421,"date":"2014-09-26T14:32:35","date_gmt":"2014-09-26T17:32:35","guid":{"rendered":"http:\/\/www.bxbsoft.com\/en\/?page_id=421"},"modified":"2022-03-30T15:21:18","modified_gmt":"2022-03-30T18:21:18","slug":"bxbanalytics","status":"publish","type":"page","link":"https:\/\/www.bxbsoft.com\/en\/bxbanalytics\/","title":{"rendered":"Analytics"},"content":{"rendered":"[vc_row][vc_column][vc_single_image image=&#8221;3131&#8243; img_size=&#8221;full&#8221;][\/vc_column][\/vc_row][vc_row][vc_column width=&#8221;1\/2&#8243; css=&#8221;.vc_custom_1465841077730{padding-right: 50px !important;}&#8221;][vc_column_text disable_pattern=&#8221;false&#8221; css=&#8221;.vc_custom_1648663494511{margin-bottom: 0px !important;}&#8221;]Analytics is a tool that allows the user to manage the business information through web interface and make its analysis through features,like ranking[\/vc_column_text][\/vc_column][vc_column width=&#8221;1\/2&#8243; css=&#8221;.vc_custom_1465841026856{padding-right: 45px !important;}&#8221;][vc_column_text disable_pattern=&#8221;false&#8221;]pivoting, ABC Curves, vertical analysis, color conditions, filters, drill down etc. that facilitate their understanding.[\/vc_column_text][\/vc_column][\/vc_row][vc_row][vc_column width=&#8221;1\/2&#8243;][vc_single_image image=&#8221;2859&#8243; img_size=&#8221;full&#8221; onclick=&#8221;custom_link&#8221; link=&#8221;http:\/\/www.bxbsoft.com\/en\/bxbanalytics\/experimente-o-bxbanalytics\/&#8221;][\/vc_column][vc_column width=&#8221;1\/2&#8243;][vc_single_image image=&#8221;2860&#8243; img_size=&#8221;full&#8221; onclick=&#8221;custom_link&#8221; link=&#8221;http:\/\/www.bxbsoft.com\/en\/bxbanalytics\/videos-bxbanalytics\/&#8221;][\/vc_column][\/vc_row][vc_row][vc_column][vc_separator css=&#8221;.vc_custom_1459447767321{margin-top: 30px !important;margin-bottom: 30px !important;}&#8221;][\/vc_column][\/vc_row][vc_row][vc_column][mk_fancy_title color=&#8221;#00aade&#8221; size=&#8221;&#8221; font_weight=&#8221;bold&#8221; font_family=&#8221;none&#8221;]Analytics\u2019 Benefits[\/mk_fancy_title][\/vc_column][\/vc_row][vc_row][vc_column width=&#8221;1\/2&#8243;][mk_custom_list style=&#8221;e32c&#8221; icon_color=&#8221;#00aade&#8221; align=&#8221;left&#8221;]\n<ul>\n<li>Remote access to information of the company;<\/li>\n<li>Data can be viewed in chart, ABC Curve or grid format;<\/li>\n<li>Features to quickly and easily drill down and filter the data<\/li>\n<li>Color conditions for measures with the value above or below configured limits;<\/li>\n<li>Same visualization on PCs and tablets<\/li>\n<\/ul>\n[\/mk_custom_list][\/vc_column][vc_column width=&#8221;1\/2&#8243;][vc_column_text disable_pattern=&#8221;false&#8221; css=&#8221;.vc_custom_1648663599712{margin-bottom: 0px !important;}&#8221;]The cubes available for Dashboards and Reports can also be used by Analytics.[\/vc_column_text][\/vc_column][\/vc_row][vc_row][vc_column][vc_separator css=&#8221;.vc_custom_1459447767321{margin-top: 30px !important;margin-bottom: 30px !important;}&#8221;][\/vc_column][\/vc_row][vc_row][vc_column][mk_fancy_title color=&#8221;#00aade&#8221; size=&#8221;&#8221; font_weight=&#8221;bold&#8221; font_family=&#8221;none&#8221;]Process Flow diagram[\/mk_fancy_title][\/vc_column][\/vc_row][vc_row][vc_column width=&#8221;1\/4&#8243;][vc_single_image image=&#8221;2834&#8243; img_size=&#8221;full&#8221;][\/vc_column][vc_column width=&#8221;1\/4&#8243;][vc_single_image image=&#8221;534&#8243; img_size=&#8221;full&#8221;][\/vc_column][vc_column width=&#8221;1\/4&#8243;][vc_single_image image=&#8221;2836&#8243; img_size=&#8221;full&#8221;][\/vc_column][vc_column width=&#8221;1\/4&#8243;][vc_single_image image=&#8221;2861&#8243; img_size=&#8221;full&#8221;][\/vc_column][\/vc_row][vc_row][vc_column][vc_column_text disable_pattern=&#8221;false&#8221;]<em>\u00b9 Extracting, transforming and loading. SQL scripts may be coded by a developer or generated by BXBquery.<\/em><br \/>\n<em>\u00b2 Multidimensional database.<\/em>[\/vc_column_text][\/vc_column][\/vc_row][vc_row][vc_column][vc_separator css=&#8221;.vc_custom_1459447767321{margin-top: 30px !important;margin-bottom: 30px !important;}&#8221;][\/vc_column][\/vc_row][vc_row][vc_column][mk_fancy_title color=&#8221;#00aade&#8221; size=&#8221;22&#8243; font_weight=&#8221;bold&#8221; font_family=&#8221;none&#8221;]Analytics\u2019 Features[\/mk_fancy_title][\/vc_column][\/vc_row][vc_row][vc_column width=&#8221;2\/3&#8243;][mk_custom_list style=&#8221;e32c&#8221; icon_color=&#8221;#00aade&#8221; align=&#8221;left&#8221;]\n<ul>\n<li>Shows the data in form of grid and ABC Curve<\/li>\n<li>The data can be viewed in summarized way and also detailed (through the drill down feature) down to the most detailed level<\/li>\n<li>Allows to apply color conditions on the measures<\/li>\n<li>Offers features for ranking and vertical analysis<\/li>\n<li>Offers many ways to filter the data<\/li>\n<li>Exports the data to many formats<\/li>\n<li>Allow to group the views by favorites and user groups<\/li>\n<li>Each user can see its individual list of views, favorite views or groups on which it belongs to<\/li>\n<\/ul>\n[\/mk_custom_list][\/vc_column][vc_column width=&#8221;1\/3&#8243;][vc_single_image image=&#8221;2862&#8243; img_size=&#8221;full&#8221; alignment=&#8221;center&#8221;][\/vc_column][\/vc_row][vc_row][vc_column][vc_separator css=&#8221;.vc_custom_1459447767321{margin-top: 30px !important;margin-bottom: 30px !important;}&#8221;][\/vc_column][\/vc_row][vc_row][vc_column width=&#8221;1\/2&#8243;][vc_single_image image=&#8221;2831&#8243; img_size=&#8221;full&#8221; alignment=&#8221;center&#8221; onclick=&#8221;custom_link&#8221; link=&#8221;http:\/\/www.bxbsoft.com\/en\/bxbwebsuites-technical-characteristics\/&#8221;][\/vc_column][vc_column width=&#8221;1\/2&#8243;][vc_single_image image=&#8221;2838&#8243; img_size=&#8221;full&#8221; alignment=&#8221;center&#8221; onclick=&#8221;custom_link&#8221; link=&#8221;http:\/\/www.bxbsoft.com\/en\/tools-editions\/&#8221;][\/vc_column][\/vc_row]\n","protected":false},"excerpt":{"rendered":"<p>[vc_row][vc_column][vc_single_image image=&#8221;3131&#8243; img_size=&#8221;full&#8221;][\/vc_column][\/vc_row][vc_row][vc_column width=&#8221;1\/2&#8243; css=&#8221;.vc_custom_1465841077730{padding-right: 50px !important;}&#8221;][vc_column_text disable_pattern=&#8221;false&#8221; css=&#8221;.vc_custom_1648663494511{margin-bottom: 0px !important;}&#8221;]Analytics is a tool that allows the user to manage the business information through web interface and make its analysis through features,like ranking[\/vc_column_text][\/vc_column][vc_column width=&#8221;1\/2&#8243; css=&#8221;.vc_custom_1465841026856{padding-right: 45px !important;}&#8221;][vc_column_text disable_pattern=&#8221;false&#8221;]pivoting, ABC Curves, vertical analysis, color conditions, filters, drill down etc. that facilitate their understanding.[\/vc_column_text][\/vc_column][\/vc_row][vc_row][vc_column width=&#8221;1\/2&#8243;][vc_single_image image=&#8221;2859&#8243; img_size=&#8221;full&#8221; [&hellip;]<\/p>\n","protected":false},"author":1,"featured_media":0,"parent":0,"menu_order":0,"comment_status":"closed","ping_status":"closed","template":"","meta":[],"yoast_head":"<!-- This site is optimized with the Yoast SEO plugin v20.6 - https:\/\/yoast.com\/wordpress\/plugins\/seo\/ -->\n<title>Analytics - Business Intelligence software - BXBsoft<\/title>\n<meta name=\"description\" content=\"A BXBsoft oferece software de BI com ferramentas completas para sua empresa, o BXBanalytics fornece dados anal\u00edticos de f\u00e1cil compreens\u00e3o para seu neg\u00f3cio.\" \/>\n<meta name=\"robots\" content=\"index, follow, max-snippet:-1, max-image-preview:large, max-video-preview:-1\" \/>\n<link rel=\"canonical\" href=\"https:\/\/www.bxbsoft.com\/en\/bxbanalytics\/\" \/>\n<meta property=\"og:locale\" content=\"en_US\" \/>\n<meta property=\"og:type\" content=\"article\" \/>\n<meta property=\"og:title\" content=\"Analytics - Business Intelligence software - BXBsoft\" \/>\n<meta property=\"og:description\" content=\"A BXBsoft oferece software de BI com ferramentas completas para sua empresa, o BXBanalytics fornece dados anal\u00edticos de f\u00e1cil compreens\u00e3o para seu neg\u00f3cio.\" \/>\n<meta property=\"og:url\" content=\"https:\/\/www.bxbsoft.com\/en\/bxbanalytics\/\" \/>\n<meta property=\"og:site_name\" content=\"Business Intelligence software - BXBsoft\" \/>\n<meta property=\"article:modified_time\" content=\"2022-03-30T18:21:18+00:00\" \/>\n<meta name=\"twitter:label1\" content=\"Est. reading time\" \/>\n\t<meta name=\"twitter:data1\" content=\"2 minutes\" \/>\n<script type=\"application\/ld+json\" class=\"yoast-schema-graph\">{\"@context\":\"https:\/\/schema.org\",\"@graph\":[{\"@type\":\"WebPage\",\"@id\":\"https:\/\/www.bxbsoft.com\/en\/bxbanalytics\/\",\"url\":\"https:\/\/www.bxbsoft.com\/en\/bxbanalytics\/\",\"name\":\"Analytics - Business Intelligence software - BXBsoft\",\"isPartOf\":{\"@id\":\"https:\/\/www.bxbsoft.com\/en\/#website\"},\"datePublished\":\"2014-09-26T17:32:35+00:00\",\"dateModified\":\"2022-03-30T18:21:18+00:00\",\"description\":\"A BXBsoft oferece software de BI com ferramentas completas para sua empresa, o BXBanalytics fornece dados anal\u00edticos de f\u00e1cil compreens\u00e3o para seu neg\u00f3cio.\",\"breadcrumb\":{\"@id\":\"https:\/\/www.bxbsoft.com\/en\/bxbanalytics\/#breadcrumb\"},\"inLanguage\":\"en-US\",\"potentialAction\":[{\"@type\":\"ReadAction\",\"target\":[\"https:\/\/www.bxbsoft.com\/en\/bxbanalytics\/\"]}]},{\"@type\":\"BreadcrumbList\",\"@id\":\"https:\/\/www.bxbsoft.com\/en\/bxbanalytics\/#breadcrumb\",\"itemListElement\":[{\"@type\":\"ListItem\",\"position\":1,\"name\":\"Home\",\"item\":\"https:\/\/www.bxbsoft.com\/en\/\"},{\"@type\":\"ListItem\",\"position\":2,\"name\":\"Analytics\"}]},{\"@type\":\"WebSite\",\"@id\":\"https:\/\/www.bxbsoft.com\/en\/#website\",\"url\":\"https:\/\/www.bxbsoft.com\/en\/\",\"name\":\"Business Intelligence software - BXBsoft\",\"description\":\"Business Intelligence software - BXBsoft\",\"potentialAction\":[{\"@type\":\"SearchAction\",\"target\":{\"@type\":\"EntryPoint\",\"urlTemplate\":\"https:\/\/www.bxbsoft.com\/en\/?s={search_term_string}\"},\"query-input\":\"required name=search_term_string\"}],\"inLanguage\":\"en-US\"}]}<\/script>\n<!-- \/ Yoast SEO plugin. -->","yoast_head_json":{"title":"Analytics - Business Intelligence software - BXBsoft","description":"A BXBsoft oferece software de BI com ferramentas completas para sua empresa, o BXBanalytics fornece dados anal\u00edticos de f\u00e1cil compreens\u00e3o para seu neg\u00f3cio.","robots":{"index":"index","follow":"follow","max-snippet":"max-snippet:-1","max-image-preview":"max-image-preview:large","max-video-preview":"max-video-preview:-1"},"canonical":"https:\/\/www.bxbsoft.com\/en\/bxbanalytics\/","og_locale":"en_US","og_type":"article","og_title":"Analytics - Business Intelligence software - BXBsoft","og_description":"A BXBsoft oferece software de BI com ferramentas completas para sua empresa, o BXBanalytics fornece dados anal\u00edticos de f\u00e1cil compreens\u00e3o para seu neg\u00f3cio.","og_url":"https:\/\/www.bxbsoft.com\/en\/bxbanalytics\/","og_site_name":"Business Intelligence software - BXBsoft","article_modified_time":"2022-03-30T18:21:18+00:00","twitter_misc":{"Est. reading time":"2 minutes"},"schema":{"@context":"https:\/\/schema.org","@graph":[{"@type":"WebPage","@id":"https:\/\/www.bxbsoft.com\/en\/bxbanalytics\/","url":"https:\/\/www.bxbsoft.com\/en\/bxbanalytics\/","name":"Analytics - Business Intelligence software - BXBsoft","isPartOf":{"@id":"https:\/\/www.bxbsoft.com\/en\/#website"},"datePublished":"2014-09-26T17:32:35+00:00","dateModified":"2022-03-30T18:21:18+00:00","description":"A BXBsoft oferece software de BI com ferramentas completas para sua empresa, o BXBanalytics fornece dados anal\u00edticos de f\u00e1cil compreens\u00e3o para seu neg\u00f3cio.","breadcrumb":{"@id":"https:\/\/www.bxbsoft.com\/en\/bxbanalytics\/#breadcrumb"},"inLanguage":"en-US","potentialAction":[{"@type":"ReadAction","target":["https:\/\/www.bxbsoft.com\/en\/bxbanalytics\/"]}]},{"@type":"BreadcrumbList","@id":"https:\/\/www.bxbsoft.com\/en\/bxbanalytics\/#breadcrumb","itemListElement":[{"@type":"ListItem","position":1,"name":"Home","item":"https:\/\/www.bxbsoft.com\/en\/"},{"@type":"ListItem","position":2,"name":"Analytics"}]},{"@type":"WebSite","@id":"https:\/\/www.bxbsoft.com\/en\/#website","url":"https:\/\/www.bxbsoft.com\/en\/","name":"Business Intelligence software - BXBsoft","description":"Business Intelligence software - BXBsoft","potentialAction":[{"@type":"SearchAction","target":{"@type":"EntryPoint","urlTemplate":"https:\/\/www.bxbsoft.com\/en\/?s={search_term_string}"},"query-input":"required name=search_term_string"}],"inLanguage":"en-US"}]}},"_links":{"self":[{"href":"https:\/\/www.bxbsoft.com\/en\/wp-json\/wp\/v2\/pages\/421"}],"collection":[{"href":"https:\/\/www.bxbsoft.com\/en\/wp-json\/wp\/v2\/pages"}],"about":[{"href":"https:\/\/www.bxbsoft.com\/en\/wp-json\/wp\/v2\/types\/page"}],"author":[{"embeddable":true,"href":"https:\/\/www.bxbsoft.com\/en\/wp-json\/wp\/v2\/users\/1"}],"replies":[{"embeddable":true,"href":"https:\/\/www.bxbsoft.com\/en\/wp-json\/wp\/v2\/comments?post=421"}],"version-history":[{"count":8,"href":"https:\/\/www.bxbsoft.com\/en\/wp-json\/wp\/v2\/pages\/421\/revisions"}],"predecessor-version":[{"id":3144,"href":"https:\/\/www.bxbsoft.com\/en\/wp-json\/wp\/v2\/pages\/421\/revisions\/3144"}],"wp:attachment":[{"href":"https:\/\/www.bxbsoft.com\/en\/wp-json\/wp\/v2\/media?parent=421"}],"curies":[{"name":"wp","href":"https:\/\/api.w.org\/{rel}","templated":true}]}}