{"id":78,"date":"2014-09-11T15:33:33","date_gmt":"2014-09-11T18:33:33","guid":{"rendered":"http:\/\/www.bxbsoft.com\/en\/?page_id=78"},"modified":"2022-03-30T15:48:21","modified_gmt":"2022-03-30T18:48:21","slug":"bxbreports","status":"publish","type":"page","link":"https:\/\/www.bxbsoft.com\/en\/bxbreports\/","title":{"rendered":"Reports"},"content":{"rendered":"[vc_row][vc_column][vc_single_image image=&#8221;3132&#8243; img_size=&#8221;full&#8221;][\/vc_column][\/vc_row][vc_row][vc_column width=&#8221;1\/2&#8243; css=&#8221;.vc_custom_1465840653901{padding-right: 60px !important;}&#8221;][vc_column_text disable_pattern=&#8221;false&#8221; css=&#8221;.vc_custom_1648665795626{margin-bottom: 0px !important;}&#8221;]Reports is a Business Intelligence tool recommended for directors, managers and administrative users who want to have accurate information in a fast way. The software provides flexibility and autonomy in making decisions based on[\/vc_column_text][\/vc_column][vc_column width=&#8221;1\/2&#8243; css=&#8221;.vc_custom_1465840661936{padding-right: 45px !important;}&#8221;][vc_column_text disable_pattern=&#8221;false&#8221;]information coming from the management system, whether corporate or departmental, without requiring from the end user any knowledge of programming language or structure of the database.[\/vc_column_text][\/vc_column][\/vc_row][vc_row][vc_column width=&#8221;1\/2&#8243;][vc_single_image image=&#8221;2851&#8243; img_size=&#8221;full&#8221; onclick=&#8221;custom_link&#8221; link=&#8221;http:\/\/www.bxbsoft.com\/en\/bxbreports\/try-bxbreports\/&#8221;][\/vc_column][vc_column width=&#8221;1\/2&#8243;][vc_single_image image=&#8221;2852&#8243; img_size=&#8221;full&#8221; onclick=&#8221;custom_link&#8221; link=&#8221;http:\/\/www.bxbsoft.com\/en\/bxbreports\/videos-bxbreports\/&#8221;][\/vc_column][\/vc_row][vc_row][vc_column][vc_separator css=&#8221;.vc_custom_1459447767321{margin-top: 30px !important;margin-bottom: 30px !important;}&#8221;][\/vc_column][\/vc_row][vc_row][vc_column][mk_fancy_title color=&#8221;#ff8a00&#8243; size=&#8221;&#8221; font_weight=&#8221;bold&#8221; font_family=&#8221;none&#8221;]Benefits of Reports[\/mk_fancy_title][\/vc_column][\/vc_row][vc_row][vc_column width=&#8221;1\/2&#8243;][mk_custom_list style=&#8221;e32c&#8221; icon_color=&#8221;#ff8a00&#8243; align=&#8221;left&#8221;]\n<ul>\n<li>Autonomy and flexibility to create specific reports;<\/li>\n<li>Flexibility to filter data, reorder them and regroup them;<\/li>\n<li>Safety and reliability on the information;<\/li>\n<li>Ability to send reports by email.<\/li>\n<\/ul>\n[\/mk_custom_list][\/vc_column][vc_column width=&#8221;1\/2&#8243;][vc_column_text disable_pattern=&#8221;false&#8221; css=&#8221;.vc_custom_1648665850912{margin-bottom: 0px !important;}&#8221;]\u201d The reports are prepared in minutes by users who do not have development knowledge, but only the knowledge of business rules. Reports also represents\u00a0 another gain: the\u00a0 possibility to drill down to investigate and analyze financial data in a very flexible way.\u201d<\/p>\n<p>Barbara Ritzman, Coordinator at CINQ Technologies[\/vc_column_text][\/vc_column][\/vc_row][vc_row][vc_column][vc_separator css=&#8221;.vc_custom_1459447767321{margin-top: 30px !important;margin-bottom: 30px !important;}&#8221;][\/vc_column][\/vc_row][vc_row][vc_column][mk_fancy_title color=&#8221;#ff8a00&#8243; size=&#8221;&#8221; font_weight=&#8221;bold&#8221; font_family=&#8221;none&#8221;]Process flow diagram[\/mk_fancy_title][\/vc_column][\/vc_row][vc_row][vc_column width=&#8221;1\/4&#8243;][vc_single_image image=&#8221;2834&#8243; img_size=&#8221;full&#8221;][\/vc_column][vc_column width=&#8221;1\/4&#8243;][vc_single_image image=&#8221;534&#8243; img_size=&#8221;full&#8221;][\/vc_column][vc_column width=&#8221;1\/4&#8243;][vc_single_image image=&#8221;2836&#8243; img_size=&#8221;full&#8221;][\/vc_column][vc_column width=&#8221;1\/4&#8243;][vc_single_image image=&#8221;2853&#8243; img_size=&#8221;full&#8221;][\/vc_column][\/vc_row][vc_row][vc_column][vc_column_text disable_pattern=&#8221;false&#8221;]<em>\u00b9 Extracting, transforming and loading.<\/em><br \/>\n<em>\u00b2 Multidimensional database.<\/em>[\/vc_column_text][\/vc_column][\/vc_row][vc_row][vc_column][vc_separator css=&#8221;.vc_custom_1459447767321{margin-top: 30px !important;margin-bottom: 30px !important;}&#8221;][\/vc_column][\/vc_row][vc_row][vc_column][mk_fancy_title color=&#8221;#ff8a00&#8243; size=&#8221;22&#8243; font_weight=&#8221;bold&#8221; font_family=&#8221;none&#8221;]Reports\u2019 Features[\/mk_fancy_title][\/vc_column][\/vc_row][vc_row][vc_column width=&#8221;2\/3&#8243;][mk_custom_list style=&#8221;e32c&#8221; icon_color=&#8221;#ff8a00&#8243; align=&#8221;left&#8221;]\n<ul>\n<li>Has a configuration wizard to guide new reports.<\/li>\n<li>Has flexibility to modify existing reports.<\/li>\n<li>Allows you to display summarized or detailed data<\/li>\n<li>Has a routine available to automatically and periodically update the datamarts.<\/li>\n<li>Has a feature to export the summarized or detailed reports to PDF and CSV formats.<\/li>\n<li>Possibility to email reports immediately or scheduled.<\/li>\n<li>Ad hoc and and persistent filter, with several methods, even allowing to alert managers about anomalies<\/li>\n<\/ul>\n[\/mk_custom_list][\/vc_column][vc_column width=&#8221;1\/3&#8243;][vc_single_image image=&#8221;490&#8243; img_size=&#8221;full&#8221; alignment=&#8221;center&#8221;][\/vc_column][\/vc_row][vc_row][vc_column width=&#8221;1\/2&#8243;][vc_single_image image=&#8221;2831&#8243; img_size=&#8221;full&#8221; alignment=&#8221;center&#8221; onclick=&#8221;custom_link&#8221; link=&#8221;http:\/\/www.bxbsoft.com\/en\/bxbwebsuites-technical-characteristics\/&#8221;][\/vc_column][vc_column width=&#8221;1\/2&#8243;][vc_single_image image=&#8221;2838&#8243; img_size=&#8221;full&#8221; alignment=&#8221;center&#8221; onclick=&#8221;custom_link&#8221; link=&#8221;http:\/\/www.bxbsoft.com\/en\/tools-editions\/&#8221;][\/vc_column][\/vc_row]\n","protected":false},"excerpt":{"rendered":"<p>[vc_row][vc_column][vc_single_image image=&#8221;3132&#8243; img_size=&#8221;full&#8221;][\/vc_column][\/vc_row][vc_row][vc_column width=&#8221;1\/2&#8243; css=&#8221;.vc_custom_1465840653901{padding-right: 60px !important;}&#8221;][vc_column_text disable_pattern=&#8221;false&#8221; css=&#8221;.vc_custom_1648665795626{margin-bottom: 0px !important;}&#8221;]Reports is a Business Intelligence tool recommended for directors, managers and administrative users who want to have accurate information in a fast way. The software provides flexibility and autonomy in making decisions based on[\/vc_column_text][\/vc_column][vc_column width=&#8221;1\/2&#8243; css=&#8221;.vc_custom_1465840661936{padding-right: 45px !important;}&#8221;][vc_column_text disable_pattern=&#8221;false&#8221;]information coming from the management system, whether [&hellip;]<\/p>\n","protected":false},"author":1,"featured_media":0,"parent":0,"menu_order":0,"comment_status":"closed","ping_status":"closed","template":"","meta":[],"yoast_head":"<!-- This site is optimized with the Yoast SEO plugin v20.6 - https:\/\/yoast.com\/wordpress\/plugins\/seo\/ -->\n<title>Reports - Business Intelligence software - BXBsoft<\/title>\n<meta name=\"description\" content=\"O BXBreports \u00e9 destinado aos gestores das empresas, que constantemente precisam tomar decis\u00f5es r\u00e1pidas e certas, com informa\u00e7\u00f5es precisas e qualificadas.\" \/>\n<meta name=\"robots\" content=\"index, follow, max-snippet:-1, max-image-preview:large, max-video-preview:-1\" \/>\n<link rel=\"canonical\" href=\"https:\/\/www.bxbsoft.com\/en\/bxbreports\/\" \/>\n<meta property=\"og:locale\" content=\"en_US\" \/>\n<meta property=\"og:type\" content=\"article\" \/>\n<meta property=\"og:title\" content=\"Reports - Business Intelligence software - BXBsoft\" \/>\n<meta property=\"og:description\" content=\"O BXBreports \u00e9 destinado aos gestores das empresas, que constantemente precisam tomar decis\u00f5es r\u00e1pidas e certas, com informa\u00e7\u00f5es precisas e qualificadas.\" \/>\n<meta property=\"og:url\" content=\"https:\/\/www.bxbsoft.com\/en\/bxbreports\/\" \/>\n<meta property=\"og:site_name\" content=\"Business Intelligence software - BXBsoft\" \/>\n<meta property=\"article:modified_time\" content=\"2022-03-30T18:48:21+00:00\" \/>\n<meta name=\"twitter:label1\" content=\"Est. reading time\" \/>\n\t<meta name=\"twitter:data1\" content=\"2 minutes\" \/>\n<script type=\"application\/ld+json\" class=\"yoast-schema-graph\">{\"@context\":\"https:\/\/schema.org\",\"@graph\":[{\"@type\":\"WebPage\",\"@id\":\"https:\/\/www.bxbsoft.com\/en\/bxbreports\/\",\"url\":\"https:\/\/www.bxbsoft.com\/en\/bxbreports\/\",\"name\":\"Reports - Business Intelligence software - BXBsoft\",\"isPartOf\":{\"@id\":\"https:\/\/www.bxbsoft.com\/en\/#website\"},\"datePublished\":\"2014-09-11T18:33:33+00:00\",\"dateModified\":\"2022-03-30T18:48:21+00:00\",\"description\":\"O BXBreports \u00e9 destinado aos gestores das empresas, que constantemente precisam tomar decis\u00f5es r\u00e1pidas e certas, com informa\u00e7\u00f5es precisas e qualificadas.\",\"breadcrumb\":{\"@id\":\"https:\/\/www.bxbsoft.com\/en\/bxbreports\/#breadcrumb\"},\"inLanguage\":\"en-US\",\"potentialAction\":[{\"@type\":\"ReadAction\",\"target\":[\"https:\/\/www.bxbsoft.com\/en\/bxbreports\/\"]}]},{\"@type\":\"BreadcrumbList\",\"@id\":\"https:\/\/www.bxbsoft.com\/en\/bxbreports\/#breadcrumb\",\"itemListElement\":[{\"@type\":\"ListItem\",\"position\":1,\"name\":\"Home\",\"item\":\"https:\/\/www.bxbsoft.com\/en\/\"},{\"@type\":\"ListItem\",\"position\":2,\"name\":\"Reports\"}]},{\"@type\":\"WebSite\",\"@id\":\"https:\/\/www.bxbsoft.com\/en\/#website\",\"url\":\"https:\/\/www.bxbsoft.com\/en\/\",\"name\":\"Business Intelligence software - BXBsoft\",\"description\":\"Business Intelligence software - BXBsoft\",\"potentialAction\":[{\"@type\":\"SearchAction\",\"target\":{\"@type\":\"EntryPoint\",\"urlTemplate\":\"https:\/\/www.bxbsoft.com\/en\/?s={search_term_string}\"},\"query-input\":\"required name=search_term_string\"}],\"inLanguage\":\"en-US\"}]}<\/script>\n<!-- \/ Yoast SEO plugin. -->","yoast_head_json":{"title":"Reports - Business Intelligence software - BXBsoft","description":"O BXBreports \u00e9 destinado aos gestores das empresas, que constantemente precisam tomar decis\u00f5es r\u00e1pidas e certas, com informa\u00e7\u00f5es precisas e qualificadas.","robots":{"index":"index","follow":"follow","max-snippet":"max-snippet:-1","max-image-preview":"max-image-preview:large","max-video-preview":"max-video-preview:-1"},"canonical":"https:\/\/www.bxbsoft.com\/en\/bxbreports\/","og_locale":"en_US","og_type":"article","og_title":"Reports - Business Intelligence software - BXBsoft","og_description":"O BXBreports \u00e9 destinado aos gestores das empresas, que constantemente precisam tomar decis\u00f5es r\u00e1pidas e certas, com informa\u00e7\u00f5es precisas e qualificadas.","og_url":"https:\/\/www.bxbsoft.com\/en\/bxbreports\/","og_site_name":"Business Intelligence software - BXBsoft","article_modified_time":"2022-03-30T18:48:21+00:00","twitter_misc":{"Est. reading time":"2 minutes"},"schema":{"@context":"https:\/\/schema.org","@graph":[{"@type":"WebPage","@id":"https:\/\/www.bxbsoft.com\/en\/bxbreports\/","url":"https:\/\/www.bxbsoft.com\/en\/bxbreports\/","name":"Reports - Business Intelligence software - BXBsoft","isPartOf":{"@id":"https:\/\/www.bxbsoft.com\/en\/#website"},"datePublished":"2014-09-11T18:33:33+00:00","dateModified":"2022-03-30T18:48:21+00:00","description":"O BXBreports \u00e9 destinado aos gestores das empresas, que constantemente precisam tomar decis\u00f5es r\u00e1pidas e certas, com informa\u00e7\u00f5es precisas e qualificadas.","breadcrumb":{"@id":"https:\/\/www.bxbsoft.com\/en\/bxbreports\/#breadcrumb"},"inLanguage":"en-US","potentialAction":[{"@type":"ReadAction","target":["https:\/\/www.bxbsoft.com\/en\/bxbreports\/"]}]},{"@type":"BreadcrumbList","@id":"https:\/\/www.bxbsoft.com\/en\/bxbreports\/#breadcrumb","itemListElement":[{"@type":"ListItem","position":1,"name":"Home","item":"https:\/\/www.bxbsoft.com\/en\/"},{"@type":"ListItem","position":2,"name":"Reports"}]},{"@type":"WebSite","@id":"https:\/\/www.bxbsoft.com\/en\/#website","url":"https:\/\/www.bxbsoft.com\/en\/","name":"Business Intelligence software - BXBsoft","description":"Business Intelligence software - BXBsoft","potentialAction":[{"@type":"SearchAction","target":{"@type":"EntryPoint","urlTemplate":"https:\/\/www.bxbsoft.com\/en\/?s={search_term_string}"},"query-input":"required name=search_term_string"}],"inLanguage":"en-US"}]}},"_links":{"self":[{"href":"https:\/\/www.bxbsoft.com\/en\/wp-json\/wp\/v2\/pages\/78"}],"collection":[{"href":"https:\/\/www.bxbsoft.com\/en\/wp-json\/wp\/v2\/pages"}],"about":[{"href":"https:\/\/www.bxbsoft.com\/en\/wp-json\/wp\/v2\/types\/page"}],"author":[{"embeddable":true,"href":"https:\/\/www.bxbsoft.com\/en\/wp-json\/wp\/v2\/users\/1"}],"replies":[{"embeddable":true,"href":"https:\/\/www.bxbsoft.com\/en\/wp-json\/wp\/v2\/comments?post=78"}],"version-history":[{"count":7,"href":"https:\/\/www.bxbsoft.com\/en\/wp-json\/wp\/v2\/pages\/78\/revisions"}],"predecessor-version":[{"id":2904,"href":"https:\/\/www.bxbsoft.com\/en\/wp-json\/wp\/v2\/pages\/78\/revisions\/2904"}],"wp:attachment":[{"href":"https:\/\/www.bxbsoft.com\/en\/wp-json\/wp\/v2\/media?parent=78"}],"curies":[{"name":"wp","href":"https:\/\/api.w.org\/{rel}","templated":true}]}}